{"id":2,"date":"2022-02-23T11:24:54","date_gmt":"2022-02-23T11:24:54","guid":{"rendered":"http:\/\/www.simref.net\/photovoice\/?page_id=2"},"modified":"2022-07-26T08:47:54","modified_gmt":"2022-07-26T08:47:54","slug":"el-projecte","status":"publish","type":"page","link":"http:\/\/www.innovaciondocentegenero.eu\/photovoice\/ca\/el-projecte\/","title":{"rendered":"El projecte"},"content":{"rendered":"\n<p class=\"has-text-align-center has-black-color has-text-color\"><strong>Transversalitzant la sensibilitat cap a les viol\u00e8ncies de g\u00e8nere i sexuals a la universitat a trav\u00e9s de la pr\u00e0ctica del Photovoice<\/strong><\/p>\n\n\n\n<p class=\"has-black-color has-text-color\">El projecte PhV_SeGReV (Ref. 2020 INDOV 00003) ha tingut com a objectiu crear un material validat internacionalment que permeti introduir les viol\u00e8ncies sexuals i de g\u00e8nere (VSdG) com a part del curr\u00edculum acad\u00e8mic a les universitats i fer-ho mitjan\u00e7ant una metodologia pedag\u00f2gica feminista i innovadora: el photovoice. <\/p>\n\n\n\n<p class=\"has-black-color has-text-color\">El photovoice \u00e9s una metodologia de recerca-acci\u00f3 participativa que ha estat utilitzada en m\u00faltiples contextos i amb col\u00b7lectius molt diversos, orientant-se a denunciar les condicions d&#8217;opressi\u00f3 o necessitats comunit\u00e0ries, tot a trav\u00e9s de fotografies i narratives. <\/p>\n\n\n\n<p class=\"has-black-color has-text-color\">Tot i aix\u00f2, tamb\u00e9 ha estat utilitzada com a eina pedag\u00f2gica en contextos educatius, promovent el pensament cr\u00edtic en les estudiants sobre diferents problem\u00e0tiques socials. Aix\u00ed, la nostra proposta de l&#8217;\u00fas de photovoice a la pr\u00e0ctica docent cerca tenir un efecte transformador, contribuint a la sensibilitzaci\u00f3 en VSdG, tant en professorat com en estudiantat.<\/p>\n\n\n\n<p class=\"has-black-color has-text-color\">El nostre equip internacional (Catalunya, Espanya, Austr\u00e0lia, Sud-\u00e0frica i M\u00e8xic) i interdisciplinar (educaci\u00f3, psicologia, antropologia, salut, sociologia, filologia, comunicaci\u00f3, pol\u00edtiques, etc.) ha treballat al voltant de 3 l\u00ednies de treball interconnectades entre si: ( 1) Coordinaci\u00f3, (2) Investigaci\u00f3-Acci\u00f3 i (3) Difusi\u00f3\/Difracci\u00f3.<\/p>\n\n\n\n<p class=\"has-black-color has-text-color\">L&#8217;expertesa i fort bagatge investigatiu dels membres de l&#8217;equip sobre el tema ha perm\u00e8s dur a terme el disseny de 2 sets de v\u00eddeos pedag\u00f2gics a VSdG i photovoice. A m\u00e9s, a trav\u00e9s del disseny col\u00b7laboratiu de din\u00e0miques de classe i els aprenentatges obtinguts de l&#8217;avaluaci\u00f3 d&#8217;experi\u00e8ncies pr\u00e8vies de i de la implementaci\u00f3 de dos processos de COIL (Collaborative Online International Learning) en el marc del projecte, hem elaborat una guia docent a tres idiomes (catal\u00e0, castell\u00e0 i angl\u00e8s) per implementar-los. Pots consultar els nostres <a href=\"http:\/\/www.innovaciondocentegenero.eu\/photovoice\/ca\/jornades\/\" target=\"_blank\" rel=\"noreferrer noopener\">v\u00eddeos d&#8217;avaluaci\u00f3<\/a> aqu\u00ed; pots consultar las nostra guia a l&#8217;apartat de <a href=\"http:\/\/www.innovaciondocentegenero.eu\/photovoice\/ca\/materials-didactics\/\" target=\"_blank\" rel=\"noreferrer noopener\">Materials did\u00e0ctics<\/a> i <a href=\"http:\/\/www.innovaciondocentegenero.eu\/photovoice\/ca\/exposicio-virtual\/\" target=\"_blank\" rel=\"noreferrer noopener\">l&#8217;exposici\u00f3 en l\u00ednea.<\/a><\/p>\n\n\n\n<p class=\"has-black-color has-text-color\">Les experi\u00e8ncies de COIL han estat realitzades amb alumnat de Catalunya, el Pa\u00eds Basc, M\u00e8xic i l&#8217;Argentina, que, a trav\u00e9s de diverses sessions, han compartit les seves percepcions i experi\u00e8ncies sobre VSdG a trav\u00e9s d&#8217;un aprenentatge col\u00b7laboratiu. <a href=\"http:\/\/www.innovaciondocentegenero.eu\/photovoice\/ca\/exposicio-virtual\/\" target=\"_blank\" rel=\"noreferrer noopener\">Aqu\u00ed<\/a> es pot veure l&#8217;exposici\u00f3 en l\u00ednia de les foto-narratives produ\u00efdes i <a href=\"http:\/\/www.innovaciondocentegenero.eu\/photovoice\/ca\/materials-didactics\/\" target=\"_blank\" rel=\"noreferrer noopener\">aqu\u00ed<\/a> els v\u00eddeos finals elaborats per cadascun dels grups.<\/p>\n\n\n\n<p class=\"has-large-font-size\"><span style=\"color:#cf2e2e\" class=\"tadv-color\">Accions desenvolupades<\/span><\/p>\n\n\n\n<ol class=\"has-black-color has-text-color wp-block-list\"><li>Avaluaci\u00f3 col\u00b7lectiva d&#8217;experi\u00e8ncies pr\u00e8vies: Es van dur a terme diferents trobades metodol\u00f2giques amb expertes en photovoice i pedagogies feministes en qu\u00e8 es va reflexionar sobre les potencialitats i els l\u00edmits de les nostres <a href=\"http:\/\/www.innovaciondocentegenero.eu\/photovoice\/ca\/materials-didactics\/\" target=\"_blank\" rel=\"noreferrer noopener\">implementacions pr\u00e8vies<\/a>.<\/li><li>Disseny de cinc videos formatius per a docents universit\u00e0ries sobre photovoice i VGs: Desenvolupem p\u00edndoles formative sperqu\u00e8 professores puguin implementar photovoice sobre VGs a les seves \u00e0ules, es pot accedir als videos <a href=\"http:\/\/www.innovaciondocentegenero.eu\/photovoice\/ca\/materials-didactics\/\" target=\"_blank\" rel=\"noreferrer noopener\">aqu\u00ed<\/a>.<\/li><li>Guia docent: Tamb\u00e9 dissenyem una proposta d&#8217;implementaci\u00f3 a la qual podeu accedir aqu\u00ed (link)<\/li><li>COIL: la qual vam posar a prova amb les nostres experi\u00e8ncies COIL amb estudiants internacionals. Pots veure les creacions finals de les estudiants que van participar <a href=\"http:\/\/www.innovaciondocentegenero.eu\/photovoice\/ca\/exposicio-virtual\/\" target=\"_blank\" rel=\"noreferrer noopener\">aqui<\/a>. \u00c9s necessari tenir en compte que per a compartir les foto-narratives&nbsp; i v\u00eddeos de les estudiants hem de comptar amb el seu consentiment. Aqu\u00ed pots trobar models de consentiments informats per a aix\u00f2: <a href=\"http:\/\/www.innovaciondocentegenero.eu\/photovoice\/wp-content\/uploads\/2022\/07\/Estudiantes_CONSENTIMIENTO-INFORMADO-PHV_SEGREV-FOTONARRATIVAS.pdf\" target=\"_blank\" rel=\"noreferrer noopener\">Cast<\/a> <a href=\"http:\/\/www.innovaciondocentegenero.eu\/photovoice\/wp-content\/uploads\/2022\/07\/CAT_-Estudiantes_CONSENTIMIENTO-INFORMADO-PHV_SEGREV-FOTONARRATIVAS_CAT.pdf\" target=\"_blank\" rel=\"noreferrer noopener\">Cat<\/a> <a href=\"http:\/\/www.innovaciondocentegenero.eu\/photovoice\/wp-content\/uploads\/2022\/07\/eng_Estudiantes_CONSENTIMIENTO-INFORMADO-PHV_SEGREV-FOTONARRATIVAS.pdf\" target=\"_blank\" rel=\"noreferrer noopener\">Eng<\/a><\/li><li>Avaluaci\u00f3: Les experi\u00e8ncies COIL van ser avaluades a trav\u00e9s de la creaci\u00f3 de dos q\u00fcestionaris, <a href=\"https:\/\/encuestas.sociologica.eu\/limesurvey\/index.php\/644659?lang=es\">un per a les estudiants que havien experimentat el COIL<\/a> i una altra per a<a href=\"https:\/\/encuestas.sociologica.eu\/limesurvey\/index.php\/948378?lang=es\"> les estudiants que van assistir a les activitats de disseminaci\u00f3<\/a> <\/li><\/ol>\n\n\n\n<p><\/p>\n","protected":false},"excerpt":{"rendered":"<p>Transversalitzant la sensibilitat cap a les viol\u00e8ncies de g\u00e8nere i sexuals a la universitat a trav\u00e9s de la pr\u00e0ctica del Photovoice El projecte PhV_SeGReV (Ref. 2020 INDOV 00003) ha tingut<a href=\"http:\/\/www.innovaciondocentegenero.eu\/photovoice\/ca\/el-projecte\/\">&#8230;Read More<\/a><\/p>\n","protected":false},"author":1,"featured_media":0,"parent":0,"menu_order":0,"comment_status":"closed","ping_status":"closed","template":"page-fullwidth.php","meta":{"_acf_changed":false,"pgc_sgb_lightbox_settings":"","footnotes":""},"class_list":["post-2","page","type-page","status-publish","hentry"],"acf":[],"yoast_head":"<!-- This site is optimized with the Yoast SEO plugin v27.5 - https:\/\/yoast.com\/product\/yoast-seo-wordpress\/ -->\n<title>El projecte -<\/title>\n<meta name=\"robots\" content=\"index, follow, max-snippet:-1, max-image-preview:large, max-video-preview:-1\" \/>\n<link rel=\"canonical\" href=\"http:\/\/www.innovaciondocentegenero.eu\/photovoice\/ca\/el-projecte\/\" \/>\n<meta property=\"og:locale\" content=\"es_ES\" \/>\n<meta property=\"og:type\" content=\"article\" \/>\n<meta property=\"og:title\" content=\"El projecte -\" \/>\n<meta property=\"og:description\" content=\"Transversalitzant la sensibilitat cap a les viol\u00e8ncies de g\u00e8nere i sexuals a la universitat a trav\u00e9s de la pr\u00e0ctica del Photovoice El projecte PhV_SeGReV (Ref. 2020 INDOV 00003) ha tingut...Read More\" \/>\n<meta property=\"og:url\" content=\"http:\/\/www.innovaciondocentegenero.eu\/photovoice\/ca\/el-projecte\/\" \/>\n<meta property=\"article:modified_time\" content=\"2022-07-26T08:47:54+00:00\" \/>\n<meta name=\"twitter:card\" content=\"summary_large_image\" \/>\n<meta name=\"twitter:label1\" content=\"Tiempo de lectura\" \/>\n\t<meta name=\"twitter:data1\" content=\"3 minutos\" \/>\n<script type=\"application\/ld+json\" class=\"yoast-schema-graph\">{\"@context\":\"https:\\\/\\\/schema.org\",\"@graph\":[{\"@type\":\"WebPage\",\"@id\":\"http:\\\/\\\/www.innovaciondocentegenero.eu\\\/photovoice\\\/ca\\\/el-projecte\\\/\",\"url\":\"http:\\\/\\\/www.innovaciondocentegenero.eu\\\/photovoice\\\/ca\\\/el-projecte\\\/\",\"name\":\"El projecte -\",\"isPartOf\":{\"@id\":\"http:\\\/\\\/www.innovaciondocentegenero.eu\\\/photovoice\\\/#website\"},\"datePublished\":\"2022-02-23T11:24:54+00:00\",\"dateModified\":\"2022-07-26T08:47:54+00:00\",\"breadcrumb\":{\"@id\":\"http:\\\/\\\/www.innovaciondocentegenero.eu\\\/photovoice\\\/ca\\\/el-projecte\\\/#breadcrumb\"},\"inLanguage\":\"es\",\"potentialAction\":[{\"@type\":\"ReadAction\",\"target\":[\"http:\\\/\\\/www.innovaciondocentegenero.eu\\\/photovoice\\\/ca\\\/el-projecte\\\/\"]}]},{\"@type\":\"BreadcrumbList\",\"@id\":\"http:\\\/\\\/www.innovaciondocentegenero.eu\\\/photovoice\\\/ca\\\/el-projecte\\\/#breadcrumb\",\"itemListElement\":[{\"@type\":\"ListItem\",\"position\":1,\"name\":\"Portada\",\"item\":\"http:\\\/\\\/www.innovaciondocentegenero.eu\\\/photovoice\\\/ca\\\/el-projecte\\\/\"},{\"@type\":\"ListItem\",\"position\":2,\"name\":\"El projecte\"}]},{\"@type\":\"WebSite\",\"@id\":\"http:\\\/\\\/www.innovaciondocentegenero.eu\\\/photovoice\\\/#website\",\"url\":\"http:\\\/\\\/www.innovaciondocentegenero.eu\\\/photovoice\\\/\",\"name\":\"\",\"description\":\"\",\"potentialAction\":[{\"@type\":\"SearchAction\",\"target\":{\"@type\":\"EntryPoint\",\"urlTemplate\":\"http:\\\/\\\/www.innovaciondocentegenero.eu\\\/photovoice\\\/?s={search_term_string}\"},\"query-input\":{\"@type\":\"PropertyValueSpecification\",\"valueRequired\":true,\"valueName\":\"search_term_string\"}}],\"inLanguage\":\"es\"}]}<\/script>\n<!-- \/ Yoast SEO plugin. -->","yoast_head_json":{"title":"El projecte -","robots":{"index":"index","follow":"follow","max-snippet":"max-snippet:-1","max-image-preview":"max-image-preview:large","max-video-preview":"max-video-preview:-1"},"canonical":"http:\/\/www.innovaciondocentegenero.eu\/photovoice\/ca\/el-projecte\/","og_locale":"es_ES","og_type":"article","og_title":"El projecte -","og_description":"Transversalitzant la sensibilitat cap a les viol\u00e8ncies de g\u00e8nere i sexuals a la universitat a trav\u00e9s de la pr\u00e0ctica del Photovoice El projecte PhV_SeGReV (Ref. 2020 INDOV 00003) ha tingut...Read More","og_url":"http:\/\/www.innovaciondocentegenero.eu\/photovoice\/ca\/el-projecte\/","article_modified_time":"2022-07-26T08:47:54+00:00","twitter_card":"summary_large_image","twitter_misc":{"Tiempo de lectura":"3 minutos"},"schema":{"@context":"https:\/\/schema.org","@graph":[{"@type":"WebPage","@id":"http:\/\/www.innovaciondocentegenero.eu\/photovoice\/ca\/el-projecte\/","url":"http:\/\/www.innovaciondocentegenero.eu\/photovoice\/ca\/el-projecte\/","name":"El projecte -","isPartOf":{"@id":"http:\/\/www.innovaciondocentegenero.eu\/photovoice\/#website"},"datePublished":"2022-02-23T11:24:54+00:00","dateModified":"2022-07-26T08:47:54+00:00","breadcrumb":{"@id":"http:\/\/www.innovaciondocentegenero.eu\/photovoice\/ca\/el-projecte\/#breadcrumb"},"inLanguage":"es","potentialAction":[{"@type":"ReadAction","target":["http:\/\/www.innovaciondocentegenero.eu\/photovoice\/ca\/el-projecte\/"]}]},{"@type":"BreadcrumbList","@id":"http:\/\/www.innovaciondocentegenero.eu\/photovoice\/ca\/el-projecte\/#breadcrumb","itemListElement":[{"@type":"ListItem","position":1,"name":"Portada","item":"http:\/\/www.innovaciondocentegenero.eu\/photovoice\/ca\/el-projecte\/"},{"@type":"ListItem","position":2,"name":"El projecte"}]},{"@type":"WebSite","@id":"http:\/\/www.innovaciondocentegenero.eu\/photovoice\/#website","url":"http:\/\/www.innovaciondocentegenero.eu\/photovoice\/","name":"","description":"","potentialAction":[{"@type":"SearchAction","target":{"@type":"EntryPoint","urlTemplate":"http:\/\/www.innovaciondocentegenero.eu\/photovoice\/?s={search_term_string}"},"query-input":{"@type":"PropertyValueSpecification","valueRequired":true,"valueName":"search_term_string"}}],"inLanguage":"es"}]}},"_links":{"self":[{"href":"http:\/\/www.innovaciondocentegenero.eu\/photovoice\/wp-json\/wp\/v2\/pages\/2","targetHints":{"allow":["GET"]}}],"collection":[{"href":"http:\/\/www.innovaciondocentegenero.eu\/photovoice\/wp-json\/wp\/v2\/pages"}],"about":[{"href":"http:\/\/www.innovaciondocentegenero.eu\/photovoice\/wp-json\/wp\/v2\/types\/page"}],"author":[{"embeddable":true,"href":"http:\/\/www.innovaciondocentegenero.eu\/photovoice\/wp-json\/wp\/v2\/users\/1"}],"replies":[{"embeddable":true,"href":"http:\/\/www.innovaciondocentegenero.eu\/photovoice\/wp-json\/wp\/v2\/comments?post=2"}],"version-history":[{"count":43,"href":"http:\/\/www.innovaciondocentegenero.eu\/photovoice\/wp-json\/wp\/v2\/pages\/2\/revisions"}],"predecessor-version":[{"id":998,"href":"http:\/\/www.innovaciondocentegenero.eu\/photovoice\/wp-json\/wp\/v2\/pages\/2\/revisions\/998"}],"wp:attachment":[{"href":"http:\/\/www.innovaciondocentegenero.eu\/photovoice\/wp-json\/wp\/v2\/media?parent=2"}],"curies":[{"name":"wp","href":"https:\/\/api.w.org\/{rel}","templated":true}]}}