{"id":728,"date":"2022-07-19T15:52:01","date_gmt":"2022-07-19T15:52:01","guid":{"rendered":"http:\/\/www.innovaciondocentegenero.eu\/photovoice\/?page_id=728"},"modified":"2022-07-25T09:10:10","modified_gmt":"2022-07-25T09:10:10","slug":"about-us","status":"publish","type":"page","link":"http:\/\/www.innovaciondocentegenero.eu\/photovoice\/about-us\/","title":{"rendered":"About us"},"content":{"rendered":"\n<p><strong>Coordinators<\/strong><\/p>\n\n\n\n<ul class=\"has-black-color has-text-color wp-block-list\"><li><a href=\"https:\/\/iris.urv.cat\/cat\/ipublic\/researcher\/321920\">Barbara Biglia<\/a>. GREDI Intercultural Education Research Group. Rovira i Virgili University (URV) (PI).<\/li><li><a href=\"https:\/\/iris.urv.cat\/cat\/ipublic\/researcher\/332782\">Aloe Cubero<\/a><strong>.<\/strong> GREDI Intercultural Education Research Group. Rovira i Virgili University (URV).<\/li><\/ul>\n\n\n\n<p class=\"has-black-color has-text-color\"><strong>Contents, materials and evaluation<br><\/strong><\/p>\n\n\n\n<ul class=\"has-black-color has-text-color wp-block-list\"><li><strong>Alejandra Araiza.<\/strong>&nbsp;Alejandra Araiza. SoC Communication Scenarios. Autonomous University of the State of Hidalgo (Mexico).<\/li><li><strong>Jordi Bonet<\/strong>. University of Barcelona (UB).<\/li><li><strong>Roc\u00edo Garrido.<\/strong>&nbsp;CESPYD Coalition for the Study of Health, Power and Diversity. University of Seville (US).<\/li><li><strong>Mindy Blaise.<\/strong>&nbsp;FEAS Feminist Educators Against Sexism. Edith Cowan University (ECU).<\/li><li><strong>Jo Pollitt.<\/strong>&nbsp;FEAS Feminist Educators Against Sexism. Edith Cowan University (ECU)<\/li><li><strong>Emily Gray.<\/strong>&nbsp;FEAS Feminist Educators Against Sexism. Royal Melbourne Institute of Technology (RMIT).<\/li><li><strong>Josephine Cornell<\/strong>. MaHRU South African Medical Research Council Masculinity and Health. University of South Africa (UNISA).<\/li><\/ul>\n\n\n\n<p class=\"has-black-color has-text-color\"><strong>COIL Experiences<\/strong><\/p>\n\n\n\n<ul class=\"has-black-color has-text-color wp-block-list\"><li><strong>Esther Luna.<\/strong>&nbsp;GREDI Intercultural Education Research Group. University of Barcelona (UB).<\/li><li><strong>Mar\u00eda Jos\u00e9 Rubio<\/strong>. Cibersomosaguas. Complutense University of Madrid (UCM).<\/li><li><strong>Beatriz Soria<\/strong>&nbsp;(UNCuyo, Argentina)<\/li><li><strong>Alejandra Araiza.<\/strong>&nbsp;SoC Escenarios de Comunicaci\u00f3n. Autonomous University of the State of Hidalgo (Mexico).<\/li><\/ul>\n\n\n\n<p class=\"has-black-color has-text-color\"><strong>Exposici\u00f3, idiomes i difracci\u00f3<\/strong><\/p>\n\n\n\n<ul class=\"has-black-color has-text-color wp-block-list\"><li><strong>Elena Fraj Herranz.<\/strong>&nbsp;IIMARTE, Research Group in Art, Science and Technology. University of Barcelona (UB).<\/li><li><strong>Dolores Pulido<\/strong>. Novembre Feminista (Ca la Dona). University of Barcelona (UB)..<\/li><li><strong>Apen Ru\u00edz.<\/strong>&nbsp;. GAPP Public Archaeology and Heritage Group. International University of Catalonia (UIC).<\/li><li><strong>In\u00e9s Garc\u00eda.<\/strong>&nbsp;Bloom School. Rovira i Virgili University (URV).<\/li><li><strong>Txell Bacardit.<\/strong>&nbsp;IES F. Ribalta (Solsona).<\/li><\/ul>\n\n\n\n<p class=\"has-black-color has-text-color\"><strong>Collaborators<\/strong><\/p>\n\n\n\n<p class=\"has-black-color has-text-color\">Mila Amurrio (UPV)<\/p>\n\n\n\n<p class=\"has-black-color has-text-color\">\u00c1ngela Mar\u00eda Obeso Rodr\u00edguez (URV) (Technical support).<\/p>\n\n\n\n<p class=\"has-black-color has-text-color\"><\/p>\n\n\n\n<p><strong><a href=\"http:\/\/www.innovaciondocentegenero.eu\/photovoice\/wp-content\/uploads\/2022\/05\/Captura-de-pantalla-2022-05-23-a-las-18.57.00.png\">Collaborating groups<\/a><\/strong><\/p>\n","protected":false},"excerpt":{"rendered":"<p>Coordinators Barbara Biglia. GREDI Intercultural Education Research Group. Rovira i Virgili University (URV) (PI). Aloe Cubero. GREDI Intercultural Education Research Group. Rovira i Virgili University (URV). Contents, materials and evaluation<a href=\"http:\/\/www.innovaciondocentegenero.eu\/photovoice\/about-us\/\">&#8230;Read More<\/a><\/p>\n","protected":false},"author":2,"featured_media":0,"parent":0,"menu_order":0,"comment_status":"closed","ping_status":"closed","template":"page-fullwidth.php","meta":{"_acf_changed":false,"pgc_sgb_lightbox_settings":"","footnotes":""},"class_list":["post-728","page","type-page","status-publish","hentry"],"acf":[],"yoast_head":"<!-- This site is optimized with the Yoast SEO plugin v27.5 - https:\/\/yoast.com\/product\/yoast-seo-wordpress\/ -->\n<title>About us -<\/title>\n<meta name=\"robots\" content=\"index, follow, max-snippet:-1, max-image-preview:large, max-video-preview:-1\" \/>\n<link rel=\"canonical\" href=\"http:\/\/www.innovaciondocentegenero.eu\/photovoice\/about-us\/\" \/>\n<meta property=\"og:locale\" content=\"es_ES\" \/>\n<meta property=\"og:type\" content=\"article\" \/>\n<meta property=\"og:title\" content=\"About us -\" \/>\n<meta property=\"og:description\" content=\"Coordinators Barbara Biglia. GREDI Intercultural Education Research Group. Rovira i Virgili University (URV) (PI). Aloe Cubero. GREDI Intercultural Education Research Group. Rovira i Virgili University (URV). Contents, materials and evaluation...Read More\" \/>\n<meta property=\"og:url\" content=\"http:\/\/www.innovaciondocentegenero.eu\/photovoice\/about-us\/\" \/>\n<meta property=\"article:modified_time\" content=\"2022-07-25T09:10:10+00:00\" \/>\n<meta name=\"twitter:card\" content=\"summary_large_image\" \/>\n<meta name=\"twitter:label1\" content=\"Tiempo de lectura\" \/>\n\t<meta name=\"twitter:data1\" content=\"2 minutos\" \/>\n<script type=\"application\/ld+json\" class=\"yoast-schema-graph\">{\"@context\":\"https:\\\/\\\/schema.org\",\"@graph\":[{\"@type\":\"WebPage\",\"@id\":\"http:\\\/\\\/www.innovaciondocentegenero.eu\\\/photovoice\\\/about-us\\\/\",\"url\":\"http:\\\/\\\/www.innovaciondocentegenero.eu\\\/photovoice\\\/about-us\\\/\",\"name\":\"About us -\",\"isPartOf\":{\"@id\":\"http:\\\/\\\/www.innovaciondocentegenero.eu\\\/photovoice\\\/#website\"},\"datePublished\":\"2022-07-19T15:52:01+00:00\",\"dateModified\":\"2022-07-25T09:10:10+00:00\",\"breadcrumb\":{\"@id\":\"http:\\\/\\\/www.innovaciondocentegenero.eu\\\/photovoice\\\/about-us\\\/#breadcrumb\"},\"inLanguage\":\"es\",\"potentialAction\":[{\"@type\":\"ReadAction\",\"target\":[\"http:\\\/\\\/www.innovaciondocentegenero.eu\\\/photovoice\\\/about-us\\\/\"]}]},{\"@type\":\"BreadcrumbList\",\"@id\":\"http:\\\/\\\/www.innovaciondocentegenero.eu\\\/photovoice\\\/about-us\\\/#breadcrumb\",\"itemListElement\":[{\"@type\":\"ListItem\",\"position\":1,\"name\":\"Portada\",\"item\":\"http:\\\/\\\/www.innovaciondocentegenero.eu\\\/photovoice\\\/ca\\\/el-projecte\\\/\"},{\"@type\":\"ListItem\",\"position\":2,\"name\":\"About us\"}]},{\"@type\":\"WebSite\",\"@id\":\"http:\\\/\\\/www.innovaciondocentegenero.eu\\\/photovoice\\\/#website\",\"url\":\"http:\\\/\\\/www.innovaciondocentegenero.eu\\\/photovoice\\\/\",\"name\":\"\",\"description\":\"\",\"potentialAction\":[{\"@type\":\"SearchAction\",\"target\":{\"@type\":\"EntryPoint\",\"urlTemplate\":\"http:\\\/\\\/www.innovaciondocentegenero.eu\\\/photovoice\\\/?s={search_term_string}\"},\"query-input\":{\"@type\":\"PropertyValueSpecification\",\"valueRequired\":true,\"valueName\":\"search_term_string\"}}],\"inLanguage\":\"es\"}]}<\/script>\n<!-- \/ Yoast SEO plugin. -->","yoast_head_json":{"title":"About us -","robots":{"index":"index","follow":"follow","max-snippet":"max-snippet:-1","max-image-preview":"max-image-preview:large","max-video-preview":"max-video-preview:-1"},"canonical":"http:\/\/www.innovaciondocentegenero.eu\/photovoice\/about-us\/","og_locale":"es_ES","og_type":"article","og_title":"About us -","og_description":"Coordinators Barbara Biglia. GREDI Intercultural Education Research Group. Rovira i Virgili University (URV) (PI). Aloe Cubero. GREDI Intercultural Education Research Group. Rovira i Virgili University (URV). Contents, materials and evaluation...Read More","og_url":"http:\/\/www.innovaciondocentegenero.eu\/photovoice\/about-us\/","article_modified_time":"2022-07-25T09:10:10+00:00","twitter_card":"summary_large_image","twitter_misc":{"Tiempo de lectura":"2 minutos"},"schema":{"@context":"https:\/\/schema.org","@graph":[{"@type":"WebPage","@id":"http:\/\/www.innovaciondocentegenero.eu\/photovoice\/about-us\/","url":"http:\/\/www.innovaciondocentegenero.eu\/photovoice\/about-us\/","name":"About us -","isPartOf":{"@id":"http:\/\/www.innovaciondocentegenero.eu\/photovoice\/#website"},"datePublished":"2022-07-19T15:52:01+00:00","dateModified":"2022-07-25T09:10:10+00:00","breadcrumb":{"@id":"http:\/\/www.innovaciondocentegenero.eu\/photovoice\/about-us\/#breadcrumb"},"inLanguage":"es","potentialAction":[{"@type":"ReadAction","target":["http:\/\/www.innovaciondocentegenero.eu\/photovoice\/about-us\/"]}]},{"@type":"BreadcrumbList","@id":"http:\/\/www.innovaciondocentegenero.eu\/photovoice\/about-us\/#breadcrumb","itemListElement":[{"@type":"ListItem","position":1,"name":"Portada","item":"http:\/\/www.innovaciondocentegenero.eu\/photovoice\/ca\/el-projecte\/"},{"@type":"ListItem","position":2,"name":"About us"}]},{"@type":"WebSite","@id":"http:\/\/www.innovaciondocentegenero.eu\/photovoice\/#website","url":"http:\/\/www.innovaciondocentegenero.eu\/photovoice\/","name":"","description":"","potentialAction":[{"@type":"SearchAction","target":{"@type":"EntryPoint","urlTemplate":"http:\/\/www.innovaciondocentegenero.eu\/photovoice\/?s={search_term_string}"},"query-input":{"@type":"PropertyValueSpecification","valueRequired":true,"valueName":"search_term_string"}}],"inLanguage":"es"}]}},"_links":{"self":[{"href":"http:\/\/www.innovaciondocentegenero.eu\/photovoice\/wp-json\/wp\/v2\/pages\/728","targetHints":{"allow":["GET"]}}],"collection":[{"href":"http:\/\/www.innovaciondocentegenero.eu\/photovoice\/wp-json\/wp\/v2\/pages"}],"about":[{"href":"http:\/\/www.innovaciondocentegenero.eu\/photovoice\/wp-json\/wp\/v2\/types\/page"}],"author":[{"embeddable":true,"href":"http:\/\/www.innovaciondocentegenero.eu\/photovoice\/wp-json\/wp\/v2\/users\/2"}],"replies":[{"embeddable":true,"href":"http:\/\/www.innovaciondocentegenero.eu\/photovoice\/wp-json\/wp\/v2\/comments?post=728"}],"version-history":[{"count":4,"href":"http:\/\/www.innovaciondocentegenero.eu\/photovoice\/wp-json\/wp\/v2\/pages\/728\/revisions"}],"predecessor-version":[{"id":958,"href":"http:\/\/www.innovaciondocentegenero.eu\/photovoice\/wp-json\/wp\/v2\/pages\/728\/revisions\/958"}],"wp:attachment":[{"href":"http:\/\/www.innovaciondocentegenero.eu\/photovoice\/wp-json\/wp\/v2\/media?parent=728"}],"curies":[{"name":"wp","href":"https:\/\/api.w.org\/{rel}","templated":true}]}}